{"id":144,"date":"2024-02-16T14:26:39","date_gmt":"2024-02-16T13:26:39","guid":{"rendered":"https:\/\/aepr-gym-zumba.fr\/index.php\/page-left-right-sidebar\/"},"modified":"2024-10-09T18:21:27","modified_gmt":"2024-10-09T16:21:27","slug":"notre-equipe-aepr","status":"publish","type":"page","link":"https:\/\/aepr-gym-zumba.fr\/index.php\/notre-equipe-aepr\/","title":{"rendered":"Notre \u00e9quipe"},"content":{"rendered":"<p>Nous sommes heureux de vous retrouver pour cette saison 2024 -2025.<\/p>\n\n<div class=\"wp-block-image\">\n<figure class=\"aligncenter size-full is-resized\"><img loading=\"lazy\" decoding=\"async\" width=\"1241\" height=\"875\" src=\"http:\/\/aepr-gym-zumba.fr\/wp-content\/uploads\/2024\/09\/AEPR-N\u00b012-A5-exemplaires-CALENDRIER_page-0001.jpg\" alt=\"\" class=\"wp-image-549\" style=\"width:634px;height:auto\" srcset=\"https:\/\/aepr-gym-zumba.fr\/wp-content\/uploads\/2024\/09\/AEPR-N\u00b012-A5-exemplaires-CALENDRIER_page-0001.jpg 1241w, https:\/\/aepr-gym-zumba.fr\/wp-content\/uploads\/2024\/09\/AEPR-N\u00b012-A5-exemplaires-CALENDRIER_page-0001-300x212.jpg 300w, https:\/\/aepr-gym-zumba.fr\/wp-content\/uploads\/2024\/09\/AEPR-N\u00b012-A5-exemplaires-CALENDRIER_page-0001-1024x722.jpg 1024w, https:\/\/aepr-gym-zumba.fr\/wp-content\/uploads\/2024\/09\/AEPR-N\u00b012-A5-exemplaires-CALENDRIER_page-0001-768x541.jpg 768w\" sizes=\"auto, (max-width: 1241px) 100vw, 1241px\" \/><figcaption class=\"wp-element-caption\">L&rsquo;ensemble des coachs et aides coach de la section.<\/figcaption><\/figure>\n<\/div>\n\n\n<div class=\"wp-block-columns is-layout-flex wp-container-core-columns-is-layout-9d6595d7 wp-block-columns-is-layout-flex\">\n<div class=\"wp-block-column is-layout-flow wp-block-column-is-layout-flow\" style=\"flex-basis:33.33%\">\n<ul class=\"wp-block-list\">\n<li>La section en chiffres:\n<ul class=\"wp-block-list\">\n<li>170 gymnastes<\/li>\n\n\n\n<li>30 aides coachs et coachs b\u00e9n\u00e9voles<\/li>\n\n\n\n<li>10 membres du bureau <\/li>\n\n\n\n<li>5 disciplines<\/li>\n\n\n\n<li>80 Zumba Plus<\/li>\n\n\n\n<li>4 Coachs salari\u00e9s<\/li>\n\n\n\n<li>Deux titres nationaux avec les gar\u00e7ons<\/li>\n<\/ul>\n<\/li>\n<\/ul>\n<\/div>\n\n\n\n<div class=\"wp-block-column is-layout-flow wp-block-column-is-layout-flow\" style=\"flex-basis:66.66%\">\n<figure class=\"wp-block-image size-large\"><img loading=\"lazy\" decoding=\"async\" width=\"1024\" height=\"578\" src=\"http:\/\/aepr-gym-zumba.fr\/wp-content\/uploads\/2024\/09\/WhatsApp-Image-2024-09-26-at-15.02.45-e1727355886952-1024x578.jpeg\" alt=\"\" class=\"wp-image-554\" srcset=\"https:\/\/aepr-gym-zumba.fr\/wp-content\/uploads\/2024\/09\/WhatsApp-Image-2024-09-26-at-15.02.45-e1727355886952-1024x578.jpeg 1024w, https:\/\/aepr-gym-zumba.fr\/wp-content\/uploads\/2024\/09\/WhatsApp-Image-2024-09-26-at-15.02.45-e1727355886952-300x169.jpeg 300w, https:\/\/aepr-gym-zumba.fr\/wp-content\/uploads\/2024\/09\/WhatsApp-Image-2024-09-26-at-15.02.45-e1727355886952-768x434.jpeg 768w, https:\/\/aepr-gym-zumba.fr\/wp-content\/uploads\/2024\/09\/WhatsApp-Image-2024-09-26-at-15.02.45-e1727355886952.jpeg 1496w\" sizes=\"auto, (max-width: 1024px) 100vw, 1024px\" \/><\/figure>\n<\/div>\n<\/div>\n\n\n\n<div class=\"wp-block-group\"><div class=\"wp-block-group__inner-container is-layout-constrained wp-block-group-is-layout-constrained\">\n<p>La gymnastique artistique et l\u2019Amicale La\u00efque de Pont Rousseau, c\u2019est une longue histoire. En&nbsp;<strong><em>1932<\/em><\/strong>, les premiers \u00ab&nbsp;gymnastes&nbsp;\u00bb pratiquaient des exercices sous le pr\u00e9au de l\u2019\u00e9cole primaire Roger Salengro. C\u2019est le balbutiement de la gymnastique artistique.<\/p>\n\n\n\n<p>Bien plus tard en&nbsp;<strong><em>1961,<\/em><\/strong>&nbsp;au foyer de l\u2019AEPR fra\u00eechement construit, les jeunes ont pu b\u00e9n\u00e9ficier de la grande salle pour pratiquer leur sport favori. Bien s\u00fbr, ils n\u2019\u00e9taient pas les seuls \u00e0 en profiter, ce qui supposait que les agr\u00e8s soient d\u00e9plac\u00e9s syst\u00e9matiquement avant et apr\u00e8s les cours. On n\u2019imagine plus maintenant porter une poutre, des barres \u2013parall\u00e8les ou asym\u00e9triques- ou autres agr\u00e8s avant et apr\u00e8s chaque entra\u00eenement.<\/p>\n\n\n\n<p>Puis, la v\u00e9ritable salle de gym a vu le jour, que beaucoup de gymnastes ont bien connue, o\u00f9 les agr\u00e8s ont pu \u00eatre install\u00e9s d\u00e9finitivement, mais sans le praticable.<\/p>\n\n\n\n<p>Enfin, depuis Septembre 2010, la mairie nous a fait ce tr\u00e8s beau \u00ab&nbsp;cadeau&nbsp;\u00bb&nbsp; en nous livrant ce gymnase du Port au Bl\u00e9, o\u00f9 tous les agr\u00e8s sont l\u00e0 et m\u00eame en plusieurs exemplaires\u2026 <\/p>\n\n\n\n<figure class=\"wp-block-image size-large\"><img loading=\"lazy\" decoding=\"async\" width=\"1024\" height=\"364\" src=\"http:\/\/aepr-gym-zumba.fr\/wp-content\/uploads\/2024\/09\/PANO_20220426_174047NB2-1024x364.png\" alt=\"\" class=\"wp-image-330\" srcset=\"https:\/\/aepr-gym-zumba.fr\/wp-content\/uploads\/2024\/09\/PANO_20220426_174047NB2-1024x364.png 1024w, https:\/\/aepr-gym-zumba.fr\/wp-content\/uploads\/2024\/09\/PANO_20220426_174047NB2-300x107.png 300w, https:\/\/aepr-gym-zumba.fr\/wp-content\/uploads\/2024\/09\/PANO_20220426_174047NB2-768x273.png 768w, https:\/\/aepr-gym-zumba.fr\/wp-content\/uploads\/2024\/09\/PANO_20220426_174047NB2-1536x547.png 1536w, https:\/\/aepr-gym-zumba.fr\/wp-content\/uploads\/2024\/09\/PANO_20220426_174047NB2-2048x729.png 2048w\" sizes=\"auto, (max-width: 1024px) 100vw, 1024px\" \/><\/figure>\n\n\n\n<p>Cette salle de gym enchante v\u00e9ritablement tous nos gymnastes, petits et grands. Elle ne peut que les inciter \u00e0 donner le meilleur d\u2019eux-m\u00eames. Le nombre de&nbsp; licenci\u00e9s n\u2019a cess\u00e9 de cro\u00eetre, passant de 80 \u00e0 170 gymnastes \u00e0 ce jour, des plus jeunes d\u00e8s l\u2019\u00e2ge de 3 ans pour les Ufo-Baby jusqu\u2019aux jeunes adultes qui continuent \u00e0 matcher.<\/p>\n\n\n\n<p>Notre section participe \u00e0 tous les championnats, d\u00e9partementaux, r\u00e9gionaux, Inter r\u00e9gions, finale nationale pour les plus grand(e)s.\u00a0<\/p>\n\n\n<div class=\"wp-block-image\">\n<figure class=\"aligncenter size-large is-resized\"><img loading=\"lazy\" decoding=\"async\" width=\"1024\" height=\"722\" src=\"http:\/\/aepr-gym-zumba.fr\/wp-content\/uploads\/2024\/09\/AEPR-N\u00b013-A5-exemplaires-CALENDRIER_page-0001-1024x722.jpg\" alt=\"\" class=\"wp-image-550\" style=\"width:596px;height:auto\" srcset=\"https:\/\/aepr-gym-zumba.fr\/wp-content\/uploads\/2024\/09\/AEPR-N\u00b013-A5-exemplaires-CALENDRIER_page-0001-1024x722.jpg 1024w, https:\/\/aepr-gym-zumba.fr\/wp-content\/uploads\/2024\/09\/AEPR-N\u00b013-A5-exemplaires-CALENDRIER_page-0001-300x212.jpg 300w, https:\/\/aepr-gym-zumba.fr\/wp-content\/uploads\/2024\/09\/AEPR-N\u00b013-A5-exemplaires-CALENDRIER_page-0001-768x541.jpg 768w, https:\/\/aepr-gym-zumba.fr\/wp-content\/uploads\/2024\/09\/AEPR-N\u00b013-A5-exemplaires-CALENDRIER_page-0001.jpg 1241w\" sizes=\"auto, (max-width: 1024px) 100vw, 1024px\" \/><figcaption class=\"wp-element-caption\">Le bureau de la section.<\/figcaption><\/figure>\n<\/div><\/div><\/div>\n\n\n\n<p><\/p>\n","protected":false},"excerpt":{"rendered":"<p>Nous sommes heureux de vous retrouver pour cette saison 2024 -2025. La gymnastique artistique et l\u2019Amicale La\u00efque de Pont Rousseau, c\u2019est une longue histoire. En&nbsp;1932, les premiers \u00ab&nbsp;gymnastes&nbsp;\u00bb pratiquaient des exercices sous le pr\u00e9au de l\u2019\u00e9cole primaire Roger Salengro. C\u2019est le balbutiement de la gymnastique artistique. Bien plus tard en&nbsp;1961,&nbsp;au foyer de l\u2019AEPR fra\u00eechement construit, &hellip; <\/p>\n<p class=\"link-more\"><a href=\"https:\/\/aepr-gym-zumba.fr\/index.php\/notre-equipe-aepr\/\" class=\"more-link\">Continue reading<span class=\"screen-reader-text\"> \u00ab\u00a0Notre \u00e9quipe\u00a0\u00bb<\/span><\/a><\/p>\n","protected":false},"author":1,"featured_media":0,"parent":0,"menu_order":0,"comment_status":"closed","ping_status":"closed","template":"","meta":{"_monsterinsights_skip_tracking":false,"_monsterinsights_sitenote_active":false,"_monsterinsights_sitenote_note":"","_monsterinsights_sitenote_category":0,"footnotes":""},"class_list":["post-144","page","type-page","status-publish","hentry"],"jetpack_sharing_enabled":true,"_links":{"self":[{"href":"https:\/\/aepr-gym-zumba.fr\/index.php\/wp-json\/wp\/v2\/pages\/144","targetHints":{"allow":["GET"]}}],"collection":[{"href":"https:\/\/aepr-gym-zumba.fr\/index.php\/wp-json\/wp\/v2\/pages"}],"about":[{"href":"https:\/\/aepr-gym-zumba.fr\/index.php\/wp-json\/wp\/v2\/types\/page"}],"author":[{"embeddable":true,"href":"https:\/\/aepr-gym-zumba.fr\/index.php\/wp-json\/wp\/v2\/users\/1"}],"replies":[{"embeddable":true,"href":"https:\/\/aepr-gym-zumba.fr\/index.php\/wp-json\/wp\/v2\/comments?post=144"}],"version-history":[{"count":9,"href":"https:\/\/aepr-gym-zumba.fr\/index.php\/wp-json\/wp\/v2\/pages\/144\/revisions"}],"predecessor-version":[{"id":1120,"href":"https:\/\/aepr-gym-zumba.fr\/index.php\/wp-json\/wp\/v2\/pages\/144\/revisions\/1120"}],"wp:attachment":[{"href":"https:\/\/aepr-gym-zumba.fr\/index.php\/wp-json\/wp\/v2\/media?parent=144"}],"curies":[{"name":"wp","href":"https:\/\/api.w.org\/{rel}","templated":true}]}}