{"id":1645,"date":"2025-04-30T23:59:00","date_gmt":"2025-04-30T21:59:00","guid":{"rendered":"https:\/\/aepr-gym-zumba.fr\/?page_id=1645"},"modified":"2025-09-17T17:10:21","modified_gmt":"2025-09-17T15:10:21","slug":"inscription-zumba-plus","status":"publish","type":"page","link":"https:\/\/aepr-gym-zumba.fr\/index.php\/inscription-zumba-plus\/","title":{"rendered":"INSCRIPTION ZUMBA PLUS"},"content":{"rendered":"\n<figure class=\"wp-block-image size-large\"><img loading=\"lazy\" decoding=\"async\" width=\"1024\" height=\"389\" src=\"http:\/\/aepr-gym-zumba.fr\/wp-content\/uploads\/2025\/09\/PLANNING-FITNESS-SAISON-2025-2026-1024x389.jpeg\" alt=\"\" class=\"wp-image-1755\" srcset=\"https:\/\/aepr-gym-zumba.fr\/wp-content\/uploads\/2025\/09\/PLANNING-FITNESS-SAISON-2025-2026-1024x389.jpeg 1024w, https:\/\/aepr-gym-zumba.fr\/wp-content\/uploads\/2025\/09\/PLANNING-FITNESS-SAISON-2025-2026-300x114.jpeg 300w, https:\/\/aepr-gym-zumba.fr\/wp-content\/uploads\/2025\/09\/PLANNING-FITNESS-SAISON-2025-2026-768x292.jpeg 768w, https:\/\/aepr-gym-zumba.fr\/wp-content\/uploads\/2025\/09\/PLANNING-FITNESS-SAISON-2025-2026-1536x584.jpeg 1536w, https:\/\/aepr-gym-zumba.fr\/wp-content\/uploads\/2025\/09\/PLANNING-FITNESS-SAISON-2025-2026.jpeg 1600w\" sizes=\"auto, (max-width: 1024px) 100vw, 1024px\" \/><\/figure>\n\n\n\n<p>\u2728 <strong>Venez d\u00e9couvrir nos activit\u00e9s sportives et rejoignez nos cours !<\/strong> \u2728<\/p>\n\n\n\n<p>Envie de bouger, de vous d\u00e9fouler et de partager un moment convivial ?<br>Notre club vous ouvre ses portes et vous propose une large vari\u00e9t\u00e9 de cours adapt\u00e9s \u00e0 tous les niveaux.<\/p>\n\n\n\n<ul class=\"wp-block-list\">\n<li>\ud83e\uddd8\u200d\u2640\ufe0f <strong>Pilates<\/strong> avec Mathilde : travaillez en douceur votre posture, votre souplesse et votre tonicit\u00e9.<\/li>\n\n\n\n<li>\ud83d\udcaa <strong>Int\u00e9gral Renfo<\/strong> avec Mathilde : des s\u00e9ances dynamiques pour d\u00e9velopper force et endurance.<\/li>\n\n\n\n<li>\ud83d\udd25 <strong>Step<\/strong> avec Mathilde : am\u00e9liorez votre condition physique en rythme et dans la bonne humeur.<\/li>\n\n\n\n<li>\u26a1 <strong>Cardio Attack<\/strong> avec Mathilde : un cours explosif pour br\u00fbler un maximum d\u2019\u00e9nergie et repousser vos limites.<\/li>\n\n\n\n<li>\ud83c\udfb6 <strong>Zumba<\/strong> avec Ezio, directement venu du Br\u00e9sil : laissez-vous emporter par l\u2019\u00e9nergie de la danse et la joie de la musique latine !<\/li>\n\n\n\n<li>\ud83e\uddd8\u200d\u2642\ufe0f <strong>Cardio Stretching<\/strong> avec Ezio : combinez renforcement, mobilit\u00e9 et \u00e9tirements pour un corps tonique et d\u00e9tendu.<\/li>\n<\/ul>\n\n\n\n<p>\ud83d\udc49 Que vous soyez d\u00e9butant ou confirm\u00e9, nos cours sont pens\u00e9s pour vous faire progresser tout en vous amusant.<\/p>\n\n\n\n<p>\ud83d\udcc5 <strong>Rejoignez-nous d\u00e8s maintenant<\/strong> et profitez d\u2019un essai pour d\u00e9couvrir l\u2019ambiance chaleureuse de nos s\u00e9ances.<\/p>\n\n\n\n<p>\u27a1\ufe0f <strong>Inscrivez-vous en ligne<\/strong> ou venez directement nous rencontrer lors d\u2019un cours.<\/p>\n\n\n\n<p class=\"has-text-align-center\"><a href=\"https:\/\/tally.so\/r\/me8l6l\" data-type=\"link\" data-id=\"https:\/\/tally.so\/r\/me8l6l\"><strong><mark style=\"background-color:rgba(0, 0, 0, 0)\" class=\"has-inline-color has-vivid-red-color\">Inscription ici<\/mark><\/strong><\/a><\/p>\n\n\n\n<p><\/p>\n","protected":false},"excerpt":{"rendered":"<p>\u2728 Venez d\u00e9couvrir nos activit\u00e9s sportives et rejoignez nos cours ! \u2728 Envie de bouger, de vous d\u00e9fouler et de partager un moment convivial ?Notre club vous ouvre ses portes et vous propose une large vari\u00e9t\u00e9 de cours adapt\u00e9s \u00e0 tous les niveaux. \ud83d\udc49 Que vous soyez d\u00e9butant ou confirm\u00e9, nos cours sont pens\u00e9s pour &hellip; <\/p>\n<p class=\"link-more\"><a href=\"https:\/\/aepr-gym-zumba.fr\/index.php\/inscription-zumba-plus\/\" class=\"more-link\">Continue reading<span class=\"screen-reader-text\"> \u00ab\u00a0INSCRIPTION ZUMBA PLUS\u00a0\u00bb<\/span><\/a><\/p>\n","protected":false},"author":1,"featured_media":0,"parent":0,"menu_order":0,"comment_status":"closed","ping_status":"closed","template":"","meta":{"_monsterinsights_skip_tracking":false,"_monsterinsights_sitenote_active":false,"_monsterinsights_sitenote_note":"","_monsterinsights_sitenote_category":0,"footnotes":""},"class_list":["post-1645","page","type-page","status-publish","hentry"],"jetpack_sharing_enabled":true,"_links":{"self":[{"href":"https:\/\/aepr-gym-zumba.fr\/index.php\/wp-json\/wp\/v2\/pages\/1645","targetHints":{"allow":["GET"]}}],"collection":[{"href":"https:\/\/aepr-gym-zumba.fr\/index.php\/wp-json\/wp\/v2\/pages"}],"about":[{"href":"https:\/\/aepr-gym-zumba.fr\/index.php\/wp-json\/wp\/v2\/types\/page"}],"author":[{"embeddable":true,"href":"https:\/\/aepr-gym-zumba.fr\/index.php\/wp-json\/wp\/v2\/users\/1"}],"replies":[{"embeddable":true,"href":"https:\/\/aepr-gym-zumba.fr\/index.php\/wp-json\/wp\/v2\/comments?post=1645"}],"version-history":[{"count":6,"href":"https:\/\/aepr-gym-zumba.fr\/index.php\/wp-json\/wp\/v2\/pages\/1645\/revisions"}],"predecessor-version":[{"id":1761,"href":"https:\/\/aepr-gym-zumba.fr\/index.php\/wp-json\/wp\/v2\/pages\/1645\/revisions\/1761"}],"wp:attachment":[{"href":"https:\/\/aepr-gym-zumba.fr\/index.php\/wp-json\/wp\/v2\/media?parent=1645"}],"curies":[{"name":"wp","href":"https:\/\/api.w.org\/{rel}","templated":true}]}}