{"id":284,"date":"2024-02-19T20:12:22","date_gmt":"2024-02-19T19:12:22","guid":{"rendered":"https:\/\/aepr-gym-zumba.fr\/?page_id=284"},"modified":"2024-09-26T15:11:42","modified_gmt":"2024-09-26T13:11:42","slug":"pour-les-petits-es","status":"publish","type":"page","link":"https:\/\/aepr-gym-zumba.fr\/index.php\/pour-les-petits-es\/","title":{"rendered":"UFO-BABY : \u00c9veil et plaisir pour les tout-petits"},"content":{"rendered":"\n<p>  Le <strong>Baby Gym<\/strong> est une activit\u00e9 ludique et \u00e9ducative sp\u00e9cialement con\u00e7ue pour les enfants de <strong>3 ans \u00e0 5 ans<\/strong>, accompagn\u00e9s d&rsquo;un parent. \u00c0 travers des jeux, des parcours d\u2019obstacles, et des exercices adapt\u00e9s, les tout-petits d\u00e9couvrent les bases de la motricit\u00e9, de l\u2019\u00e9quilibre, et de la coordination, dans un environnement s\u00e9curis\u00e9 et stimulant.<\/p>\n\n\n<div class=\"wp-block-image\">\n<figure class=\"aligncenter size-large is-resized\"><img loading=\"lazy\" decoding=\"async\" width=\"1024\" height=\"593\" src=\"http:\/\/aepr-gym-zumba.fr\/wp-content\/uploads\/2024\/09\/IMG_20231104_115427-scaled-e1727263924260-1024x593.jpg\" alt=\"\" class=\"wp-image-333\" style=\"width:328px;height:auto\" srcset=\"https:\/\/aepr-gym-zumba.fr\/wp-content\/uploads\/2024\/09\/IMG_20231104_115427-scaled-e1727263924260-1024x593.jpg 1024w, https:\/\/aepr-gym-zumba.fr\/wp-content\/uploads\/2024\/09\/IMG_20231104_115427-scaled-e1727263924260-300x174.jpg 300w, https:\/\/aepr-gym-zumba.fr\/wp-content\/uploads\/2024\/09\/IMG_20231104_115427-scaled-e1727263924260-768x445.jpg 768w, https:\/\/aepr-gym-zumba.fr\/wp-content\/uploads\/2024\/09\/IMG_20231104_115427-scaled-e1727263924260.jpg 1105w\" sizes=\"auto, (max-width: 1024px) 100vw, 1024px\" \/><\/figure>\n<\/div>\n\n\n<p>Les s\u00e9ances de Baby Gym permettent aux enfants de d\u00e9velopper leur autonomie, leur confiance en eux, et leur plaisir du mouvement tout en respectant leur rythme de d\u00e9veloppement. Encadr\u00e9s par des professionnels qualifi\u00e9s, les enfants s&rsquo;amusent \u00e0 travers des activit\u00e9s vari\u00e9es qui encouragent l&rsquo;exploration, la cr\u00e9ativit\u00e9, et le plaisir de bouger.<\/p>\n\n\n<div class=\"wp-block-image\">\n<figure class=\"aligncenter size-large is-resized\"><img loading=\"lazy\" decoding=\"async\" width=\"1024\" height=\"485\" src=\"http:\/\/aepr-gym-zumba.fr\/wp-content\/uploads\/2024\/09\/IMG_20231014_113841-scaled-e1727283846542-1024x485.jpg\" alt=\"\" class=\"wp-image-390\" style=\"width:510px;height:auto\" srcset=\"https:\/\/aepr-gym-zumba.fr\/wp-content\/uploads\/2024\/09\/IMG_20231014_113841-scaled-e1727283846542-1024x485.jpg 1024w, https:\/\/aepr-gym-zumba.fr\/wp-content\/uploads\/2024\/09\/IMG_20231014_113841-scaled-e1727283846542-300x142.jpg 300w, https:\/\/aepr-gym-zumba.fr\/wp-content\/uploads\/2024\/09\/IMG_20231014_113841-scaled-e1727283846542-768x363.jpg 768w, https:\/\/aepr-gym-zumba.fr\/wp-content\/uploads\/2024\/09\/IMG_20231014_113841-scaled-e1727283846542-1536x727.jpg 1536w, https:\/\/aepr-gym-zumba.fr\/wp-content\/uploads\/2024\/09\/IMG_20231014_113841-scaled-e1727283846542.jpg 1902w\" sizes=\"auto, (max-width: 1024px) 100vw, 1024px\" \/><\/figure>\n<\/div>\n\n\n<p> Cette activit\u00e9 est id\u00e9ale pour favoriser le d\u00e9veloppement physique et social des jeunes enfants tout en passant un moment convivial avec leurs parents. <strong>Venez partager un moment complice et joyeux avec votre enfant !<\/strong><\/p>\n\n\n\n<p>Les s\u00e9ances sont hebdomadaires et durent 45 minutes.<\/p>\n","protected":false},"excerpt":{"rendered":"<p>Le Baby Gym est une activit\u00e9 ludique et \u00e9ducative sp\u00e9cialement con\u00e7ue pour les enfants de 3 ans \u00e0 5 ans, accompagn\u00e9s d&rsquo;un parent. \u00c0 travers des jeux, des parcours d\u2019obstacles, et des exercices adapt\u00e9s, les tout-petits d\u00e9couvrent les bases de la motricit\u00e9, de l\u2019\u00e9quilibre, et de la coordination, dans un environnement s\u00e9curis\u00e9 et stimulant. Les &hellip; <\/p>\n<p class=\"link-more\"><a href=\"https:\/\/aepr-gym-zumba.fr\/index.php\/pour-les-petits-es\/\" class=\"more-link\">Continue reading<span class=\"screen-reader-text\"> \u00ab\u00a0UFO-BABY : \u00c9veil et plaisir pour les tout-petits\u00a0\u00bb<\/span><\/a><\/p>\n","protected":false},"author":1,"featured_media":0,"parent":0,"menu_order":0,"comment_status":"closed","ping_status":"closed","template":"","meta":{"_monsterinsights_skip_tracking":false,"_monsterinsights_sitenote_active":false,"_monsterinsights_sitenote_note":"","_monsterinsights_sitenote_category":0,"footnotes":""},"class_list":["post-284","page","type-page","status-publish","hentry"],"jetpack_sharing_enabled":true,"_links":{"self":[{"href":"https:\/\/aepr-gym-zumba.fr\/index.php\/wp-json\/wp\/v2\/pages\/284","targetHints":{"allow":["GET"]}}],"collection":[{"href":"https:\/\/aepr-gym-zumba.fr\/index.php\/wp-json\/wp\/v2\/pages"}],"about":[{"href":"https:\/\/aepr-gym-zumba.fr\/index.php\/wp-json\/wp\/v2\/types\/page"}],"author":[{"embeddable":true,"href":"https:\/\/aepr-gym-zumba.fr\/index.php\/wp-json\/wp\/v2\/users\/1"}],"replies":[{"embeddable":true,"href":"https:\/\/aepr-gym-zumba.fr\/index.php\/wp-json\/wp\/v2\/comments?post=284"}],"version-history":[{"count":4,"href":"https:\/\/aepr-gym-zumba.fr\/index.php\/wp-json\/wp\/v2\/pages\/284\/revisions"}],"predecessor-version":[{"id":558,"href":"https:\/\/aepr-gym-zumba.fr\/index.php\/wp-json\/wp\/v2\/pages\/284\/revisions\/558"}],"wp:attachment":[{"href":"https:\/\/aepr-gym-zumba.fr\/index.php\/wp-json\/wp\/v2\/media?parent=284"}],"curies":[{"name":"wp","href":"https:\/\/api.w.org\/{rel}","templated":true}]}}