{"id":414,"date":"2024-09-25T19:29:56","date_gmt":"2024-09-25T17:29:56","guid":{"rendered":"https:\/\/aepr-gym-zumba.fr\/?page_id=414"},"modified":"2024-09-25T19:29:56","modified_gmt":"2024-09-25T17:29:56","slug":"zumba","status":"publish","type":"page","link":"https:\/\/aepr-gym-zumba.fr\/index.php\/zumba\/","title":{"rendered":"ZUMBA"},"content":{"rendered":"\n<h2 class=\"wp-block-heading\">ZUMBA<\/h2>\n\n\n\n<p>Pr\u00e9parez-vous \u00e0 bouger au rythme des musiques latines avec nos cours de <strong>Zumba<\/strong>, tous les <strong>mercredis soir de 19h \u00e0 20h<\/strong> sous la direction du maestro <strong>Ezio<\/strong>, venu tout droit du Br\u00e9sil ! Dynamique, fun et accessible \u00e0 tous, la Zumba est une v\u00e9ritable f\u00eate qui combine fitness et danse dans une ambiance survolt\u00e9e.<\/p>\n\n\n\n<p>Avec les chor\u00e9graphies enflamm\u00e9es d\u2019Ezio, vous allez br\u00fbler des calories tout en vous amusant sur des rythmes entra\u00eenants comme la salsa, le reggaeton ou encore la samba br\u00e9silienne. Ces cours sont parfaits pour am\u00e9liorer votre condition physique, rel\u00e2cher le stress et vous laisser porter par la joie du mouvement.<\/p>\n\n\n<div class=\"wp-block-image\">\n<figure class=\"aligncenter size-full is-resized\"><img loading=\"lazy\" decoding=\"async\" width=\"800\" height=\"577\" src=\"http:\/\/aepr-gym-zumba.fr\/wp-content\/uploads\/2024\/02\/3-Zumba-entrainement-min800x600.png\" alt=\"\" class=\"wp-image-262\" style=\"width:503px;height:auto\" srcset=\"https:\/\/aepr-gym-zumba.fr\/wp-content\/uploads\/2024\/02\/3-Zumba-entrainement-min800x600.png 800w, https:\/\/aepr-gym-zumba.fr\/wp-content\/uploads\/2024\/02\/3-Zumba-entrainement-min800x600-300x216.png 300w, https:\/\/aepr-gym-zumba.fr\/wp-content\/uploads\/2024\/02\/3-Zumba-entrainement-min800x600-768x554.png 768w\" sizes=\"auto, (max-width: 800px) 100vw, 800px\" \/><\/figure>\n<\/div>\n\n\n<p>Que vous soyez novice ou danseur exp\u00e9riment\u00e9, rejoignez-nous pour une heure de pur bonheur et de danse endiabl\u00e9e. N\u2019oubliez pas votre bouteille d\u2019eau et votre \u00e9nergie contagieuse, Ezio se charge du reste!<\/p>\n\n\n\n<p><\/p>\n","protected":false},"excerpt":{"rendered":"<p>ZUMBA Pr\u00e9parez-vous \u00e0 bouger au rythme des musiques latines avec nos cours de Zumba, tous les mercredis soir de 19h \u00e0 20h sous la direction du maestro Ezio, venu tout droit du Br\u00e9sil ! Dynamique, fun et accessible \u00e0 tous, la Zumba est une v\u00e9ritable f\u00eate qui combine fitness et danse dans une ambiance survolt\u00e9e. &hellip; <\/p>\n<p class=\"link-more\"><a href=\"https:\/\/aepr-gym-zumba.fr\/index.php\/zumba\/\" class=\"more-link\">Continue reading<span class=\"screen-reader-text\"> \u00ab\u00a0ZUMBA\u00a0\u00bb<\/span><\/a><\/p>\n","protected":false},"author":1,"featured_media":0,"parent":0,"menu_order":0,"comment_status":"closed","ping_status":"closed","template":"","meta":{"_monsterinsights_skip_tracking":false,"_monsterinsights_sitenote_active":false,"_monsterinsights_sitenote_note":"","_monsterinsights_sitenote_category":0,"footnotes":""},"class_list":["post-414","page","type-page","status-publish","hentry"],"jetpack_sharing_enabled":true,"_links":{"self":[{"href":"https:\/\/aepr-gym-zumba.fr\/index.php\/wp-json\/wp\/v2\/pages\/414","targetHints":{"allow":["GET"]}}],"collection":[{"href":"https:\/\/aepr-gym-zumba.fr\/index.php\/wp-json\/wp\/v2\/pages"}],"about":[{"href":"https:\/\/aepr-gym-zumba.fr\/index.php\/wp-json\/wp\/v2\/types\/page"}],"author":[{"embeddable":true,"href":"https:\/\/aepr-gym-zumba.fr\/index.php\/wp-json\/wp\/v2\/users\/1"}],"replies":[{"embeddable":true,"href":"https:\/\/aepr-gym-zumba.fr\/index.php\/wp-json\/wp\/v2\/comments?post=414"}],"version-history":[{"count":1,"href":"https:\/\/aepr-gym-zumba.fr\/index.php\/wp-json\/wp\/v2\/pages\/414\/revisions"}],"predecessor-version":[{"id":415,"href":"https:\/\/aepr-gym-zumba.fr\/index.php\/wp-json\/wp\/v2\/pages\/414\/revisions\/415"}],"wp:attachment":[{"href":"https:\/\/aepr-gym-zumba.fr\/index.php\/wp-json\/wp\/v2\/media?parent=414"}],"curies":[{"name":"wp","href":"https:\/\/api.w.org\/{rel}","templated":true}]}}