{"id":507,"date":"2024-09-26T11:04:10","date_gmt":"2024-09-26T09:04:10","guid":{"rendered":"https:\/\/aepr-gym-zumba.fr\/?page_id=507"},"modified":"2024-09-26T11:04:10","modified_gmt":"2024-09-26T09:04:10","slug":"cardio-streching","status":"publish","type":"page","link":"https:\/\/aepr-gym-zumba.fr\/index.php\/cardio-streching\/","title":{"rendered":"CARDIO &amp; STRECHING"},"content":{"rendered":"\n<h3 class=\"wp-block-heading\">Cours de Cardio &amp; Stretching<\/h3>\n\n\n\n<p>Rejoignez-nous tous les <strong>lundis de 19h \u00e0 20h<\/strong> pour une s\u00e9ance compl\u00e8te de <strong>Cardio &amp; Stretching<\/strong>, id\u00e9ale pour renforcer votre corps tout en am\u00e9liorant votre souplesse. Ce cours dynamique vous permet de booster votre endurance avec des exercices cardio intenses, tout en favorisant la r\u00e9cup\u00e9ration et la flexibilit\u00e9 gr\u00e2ce \u00e0 une s\u00e9rie d\u2019\u00e9tirements.<\/p>\n\n\n<div class=\"wp-block-image\">\n<figure class=\"aligncenter size-large is-resized\"><img loading=\"lazy\" decoding=\"async\" width=\"1024\" height=\"683\" src=\"http:\/\/aepr-gym-zumba.fr\/wp-content\/uploads\/2024\/09\/streching-1024x683.jpg\" alt=\"\" class=\"wp-image-337\" style=\"width:334px;height:auto\" srcset=\"https:\/\/aepr-gym-zumba.fr\/wp-content\/uploads\/2024\/09\/streching-1024x683.jpg 1024w, https:\/\/aepr-gym-zumba.fr\/wp-content\/uploads\/2024\/09\/streching-300x200.jpg 300w, https:\/\/aepr-gym-zumba.fr\/wp-content\/uploads\/2024\/09\/streching-768x512.jpg 768w, https:\/\/aepr-gym-zumba.fr\/wp-content\/uploads\/2024\/09\/streching-1536x1024.jpg 1536w, https:\/\/aepr-gym-zumba.fr\/wp-content\/uploads\/2024\/09\/streching-2048x1365.jpg 2048w\" sizes=\"auto, (max-width: 1024px) 100vw, 1024px\" \/><\/figure>\n<\/div>\n\n\n<p>Parfait pour \u00e9vacuer le stress apr\u00e8s une longue journ\u00e9e, le <strong>Cardio &amp; Stretching<\/strong> combine effort physique et relaxation pour vous offrir un entra\u00eenement \u00e9quilibr\u00e9. Venez profiter d&rsquo;une heure de remise en forme dans une ambiance conviviale, quel que soit votre niveau de pratique.<\/p>\n\n\n\n<p>N\u2019oubliez pas votre tenue de sport et votre bouteille d\u2019eau pour une s\u00e9ance \u00e9nergique et revitalisante !<\/p>\n","protected":false},"excerpt":{"rendered":"<p>Cours de Cardio &amp; Stretching Rejoignez-nous tous les lundis de 19h \u00e0 20h pour une s\u00e9ance compl\u00e8te de Cardio &amp; Stretching, id\u00e9ale pour renforcer votre corps tout en am\u00e9liorant votre souplesse. Ce cours dynamique vous permet de booster votre endurance avec des exercices cardio intenses, tout en favorisant la r\u00e9cup\u00e9ration et la flexibilit\u00e9 gr\u00e2ce \u00e0 &hellip; <\/p>\n<p class=\"link-more\"><a href=\"https:\/\/aepr-gym-zumba.fr\/index.php\/cardio-streching\/\" class=\"more-link\">Continue reading<span class=\"screen-reader-text\"> \u00ab\u00a0CARDIO &amp; STRECHING\u00a0\u00bb<\/span><\/a><\/p>\n","protected":false},"author":1,"featured_media":0,"parent":0,"menu_order":0,"comment_status":"closed","ping_status":"closed","template":"","meta":{"_monsterinsights_skip_tracking":false,"_monsterinsights_sitenote_active":false,"_monsterinsights_sitenote_note":"","_monsterinsights_sitenote_category":0,"footnotes":""},"class_list":["post-507","page","type-page","status-publish","hentry"],"jetpack_sharing_enabled":true,"_links":{"self":[{"href":"https:\/\/aepr-gym-zumba.fr\/index.php\/wp-json\/wp\/v2\/pages\/507","targetHints":{"allow":["GET"]}}],"collection":[{"href":"https:\/\/aepr-gym-zumba.fr\/index.php\/wp-json\/wp\/v2\/pages"}],"about":[{"href":"https:\/\/aepr-gym-zumba.fr\/index.php\/wp-json\/wp\/v2\/types\/page"}],"author":[{"embeddable":true,"href":"https:\/\/aepr-gym-zumba.fr\/index.php\/wp-json\/wp\/v2\/users\/1"}],"replies":[{"embeddable":true,"href":"https:\/\/aepr-gym-zumba.fr\/index.php\/wp-json\/wp\/v2\/comments?post=507"}],"version-history":[{"count":1,"href":"https:\/\/aepr-gym-zumba.fr\/index.php\/wp-json\/wp\/v2\/pages\/507\/revisions"}],"predecessor-version":[{"id":508,"href":"https:\/\/aepr-gym-zumba.fr\/index.php\/wp-json\/wp\/v2\/pages\/507\/revisions\/508"}],"wp:attachment":[{"href":"https:\/\/aepr-gym-zumba.fr\/index.php\/wp-json\/wp\/v2\/media?parent=507"}],"curies":[{"name":"wp","href":"https:\/\/api.w.org\/{rel}","templated":true}]}}