{"id":526,"date":"2024-09-26T12:41:20","date_gmt":"2024-09-26T10:41:20","guid":{"rendered":"https:\/\/aepr-gym-zumba.fr\/?page_id=526"},"modified":"2024-10-09T18:15:33","modified_gmt":"2024-10-09T16:15:33","slug":"educ-gymnastique","status":"publish","type":"page","link":"https:\/\/aepr-gym-zumba.fr\/index.php\/educ-gymnastique\/","title":{"rendered":"EDUC GYMNASTIQUE"},"content":{"rendered":"\n<h3 class=\"wp-block-heading\">Cours d&rsquo;\u00c9duc : Un premier pas vers la gymnastique<\/h3>\n\n\n\n<p>Les cours d&rsquo;<strong>\u00c9duc<\/strong> sont sp\u00e9cialement con\u00e7us pour les enfants de <strong>5 \u00e0 7 ans<\/strong> et remplacent les anciens cours de parcours et de mini-encha\u00eenement. Avec trois niveaux progressifs \u2013 <strong>\u00c9duc 1<\/strong>, <strong>\u00c9duc 2<\/strong>, et <strong>\u00c9duc 3<\/strong> \u2013 ces cours offrent une initiation approfondie \u00e0 la gymnastique, bien plus technique que la baby-gym.<\/p>\n\n\n\n<p>Les jeunes gymnastes vont y d\u00e9couvrir les <strong>bases de la gymnastique<\/strong> et commencer \u00e0 s&rsquo;initier aux <strong>agr\u00e8s<\/strong> tels que la poutre, les barres et le sol, tout en travaillant leur coordination, leur souplesse et leur \u00e9quilibre. Chaque niveau est adapt\u00e9 \u00e0 leur progression, avec des d\u00e9fis de plus en plus complexes au fil des s\u00e9ances.<\/p>\n\n\n\n<p>L\u2019objectif de ces cours est d\u2019enseigner les bases de la gymnastique dans une ambiance ludique et encourageante, tout en d\u00e9veloppant la force, la discipline et l\u2019endurance. Vos enfants auront ainsi l&rsquo;opportunit\u00e9 de d\u00e9couvrir ce sport exigeant en s&rsquo;amusant, en se pr\u00e9parant \u00e0 un \u00e9ventuel parcours plus comp\u00e9titif.<\/p>\n","protected":false},"excerpt":{"rendered":"<p>Cours d&rsquo;\u00c9duc : Un premier pas vers la gymnastique Les cours d&rsquo;\u00c9duc sont sp\u00e9cialement con\u00e7us pour les enfants de 5 \u00e0 7 ans et remplacent les anciens cours de parcours et de mini-encha\u00eenement. Avec trois niveaux progressifs \u2013 \u00c9duc 1, \u00c9duc 2, et \u00c9duc 3 \u2013 ces cours offrent une initiation approfondie \u00e0 la gymnastique, &hellip; <\/p>\n<p class=\"link-more\"><a href=\"https:\/\/aepr-gym-zumba.fr\/index.php\/educ-gymnastique\/\" class=\"more-link\">Continue reading<span class=\"screen-reader-text\"> \u00ab\u00a0EDUC GYMNASTIQUE\u00a0\u00bb<\/span><\/a><\/p>\n","protected":false},"author":1,"featured_media":0,"parent":0,"menu_order":0,"comment_status":"closed","ping_status":"closed","template":"","meta":{"_monsterinsights_skip_tracking":false,"_monsterinsights_sitenote_active":false,"_monsterinsights_sitenote_note":"","_monsterinsights_sitenote_category":0,"footnotes":""},"class_list":["post-526","page","type-page","status-publish","hentry"],"jetpack_sharing_enabled":true,"_links":{"self":[{"href":"https:\/\/aepr-gym-zumba.fr\/index.php\/wp-json\/wp\/v2\/pages\/526","targetHints":{"allow":["GET"]}}],"collection":[{"href":"https:\/\/aepr-gym-zumba.fr\/index.php\/wp-json\/wp\/v2\/pages"}],"about":[{"href":"https:\/\/aepr-gym-zumba.fr\/index.php\/wp-json\/wp\/v2\/types\/page"}],"author":[{"embeddable":true,"href":"https:\/\/aepr-gym-zumba.fr\/index.php\/wp-json\/wp\/v2\/users\/1"}],"replies":[{"embeddable":true,"href":"https:\/\/aepr-gym-zumba.fr\/index.php\/wp-json\/wp\/v2\/comments?post=526"}],"version-history":[{"count":3,"href":"https:\/\/aepr-gym-zumba.fr\/index.php\/wp-json\/wp\/v2\/pages\/526\/revisions"}],"predecessor-version":[{"id":1115,"href":"https:\/\/aepr-gym-zumba.fr\/index.php\/wp-json\/wp\/v2\/pages\/526\/revisions\/1115"}],"wp:attachment":[{"href":"https:\/\/aepr-gym-zumba.fr\/index.php\/wp-json\/wp\/v2\/media?parent=526"}],"curies":[{"name":"wp","href":"https:\/\/api.w.org\/{rel}","templated":true}]}}